{"id":900,"date":"2022-03-01T22:26:32","date_gmt":"2022-03-01T21:26:32","guid":{"rendered":"https:\/\/budapestritmo.hu\/koncertek\/"},"modified":"2026-03-23T14:49:13","modified_gmt":"2026-03-23T13:49:13","slug":"concerts","status":"publish","type":"page","link":"https:\/\/budapestritmo.hu\/en\/concerts\/","title":{"rendered":"Concerts"},"content":{"rendered":"<a name=\"timetable\"><\/a>\n\n\n\n\n<section id=\"artists-block_90f82682cd16cb0b9885bea71e948dc6\" class=\"artists alignfull\">\n\n\n\t<div class=\"container-fluid\">\n\t\t<div class=\"row\">\n\t\t\t<div class=\"col-12\">\n\t\t\t\t<h1>Artists<\/h1>\n\t\t\t<\/div>\n            <div class=\"col-12\">\n\t\t\t\t<div class=\"row\">\n\t\t\t\t\t\t\t\t\t        <div class=\"col-md-6 col-xl-4 artist-small\">\n\t<a href=\"https:\/\/budapestritmo.hu\/en\/performer\/axel-moon\/\" title=\"Axel Moon\">\n\t\t<div class=\"thumbnail\">\n\t\t\t\t\t\t\t<img decoding=\"async\" width=\"640\" height=\"240\" src=\"https:\/\/budapestritmo.hu\/wp-content\/uploads\/2026\/03\/axel-moon-640x240.jpg\" class=\"attachment-performer_small size-performer_small wp-post-image\" alt=\"\" srcset=\"https:\/\/budapestritmo.hu\/wp-content\/uploads\/2026\/03\/axel-moon-640x240.jpg 640w, https:\/\/budapestritmo.hu\/wp-content\/uploads\/2026\/03\/axel-moon-300x113.jpg 300w, https:\/\/budapestritmo.hu\/wp-content\/uploads\/2026\/03\/axel-moon-1024x384.jpg 1024w, https:\/\/budapestritmo.hu\/wp-content\/uploads\/2026\/03\/axel-moon-768x288.jpg 768w, https:\/\/budapestritmo.hu\/wp-content\/uploads\/2026\/03\/axel-moon-1536x576.jpg 1536w, https:\/\/budapestritmo.hu\/wp-content\/uploads\/2026\/03\/axel-moon.jpg 1600w\" sizes=\"(max-width: 640px) 100vw, 640px\" \/>\t\t\t\t\t\t<div class=\"hover\"><\/div>\n\t\t<\/div>\n\t<\/a>\n\t<a href=\"https:\/\/budapestritmo.hu\/en\/performer\/axel-moon\/\" title=\"Axel Moon\">\n\t\t<div class=\"name\">\n\t\t\tAxel Moon<br>\n\t\t\t<span class=\"country\">France<\/span>\n\t\t<\/div>\n\t<\/a>\n<\/div>\t\t\t\t\t\t\t\n\t\t\t\t\t        \t\t\t\t\t        <div class=\"col-md-6 col-xl-4 artist-small\">\n\t<a href=\"https:\/\/budapestritmo.hu\/en\/performer\/bakalina-velika\/\" title=\"Bakalina Velika\">\n\t\t<div class=\"thumbnail\">\n\t\t\t\t\t\t\t<img decoding=\"async\" width=\"640\" height=\"240\" src=\"https:\/\/budapestritmo.hu\/wp-content\/uploads\/2026\/01\/DRI_4706-Janez-Pelko-scaled-e1769443382364-640x240.jpg\" class=\"attachment-performer_small size-performer_small wp-post-image\" alt=\"\" srcset=\"https:\/\/budapestritmo.hu\/wp-content\/uploads\/2026\/01\/DRI_4706-Janez-Pelko-scaled-e1769443382364-640x240.jpg 640w, https:\/\/budapestritmo.hu\/wp-content\/uploads\/2026\/01\/DRI_4706-Janez-Pelko-scaled-e1769443382364-1600x600.jpg 1600w\" sizes=\"(max-width: 640px) 100vw, 640px\" \/>\t\t\t\t\t\t<div class=\"hover\"><\/div>\n\t\t<\/div>\n\t<\/a>\n\t<a href=\"https:\/\/budapestritmo.hu\/en\/performer\/bakalina-velika\/\" title=\"Bakalina Velika\">\n\t\t<div class=\"name\">\n\t\t\tBakalina Velika<br>\n\t\t\t<span class=\"country\">Slovenia<\/span>\n\t\t<\/div>\n\t<\/a>\n<\/div>\t\t\t\t\t\t\t\n\t\t\t\t\t        \t\t\t\t\t        <div class=\"col-md-6 col-xl-4 artist-small\">\n\t<a href=\"https:\/\/budapestritmo.hu\/en\/performer\/black-flower\/\" title=\"Black Flower\">\n\t\t<div class=\"thumbnail\">\n\t\t\t\t\t\t\t<img decoding=\"async\" width=\"640\" height=\"240\" src=\"https:\/\/budapestritmo.hu\/wp-content\/uploads\/2026\/03\/Black-Flower-640x240.jpg\" class=\"attachment-performer_small size-performer_small wp-post-image\" alt=\"\" srcset=\"https:\/\/budapestritmo.hu\/wp-content\/uploads\/2026\/03\/Black-Flower-640x240.jpg 640w, https:\/\/budapestritmo.hu\/wp-content\/uploads\/2026\/03\/Black-Flower-300x113.jpg 300w, https:\/\/budapestritmo.hu\/wp-content\/uploads\/2026\/03\/Black-Flower-1024x384.jpg 1024w, https:\/\/budapestritmo.hu\/wp-content\/uploads\/2026\/03\/Black-Flower-768x288.jpg 768w, https:\/\/budapestritmo.hu\/wp-content\/uploads\/2026\/03\/Black-Flower-1536x576.jpg 1536w, https:\/\/budapestritmo.hu\/wp-content\/uploads\/2026\/03\/Black-Flower.jpg 1600w\" sizes=\"(max-width: 640px) 100vw, 640px\" \/>\t\t\t\t\t\t<div class=\"hover\"><\/div>\n\t\t<\/div>\n\t<\/a>\n\t<a href=\"https:\/\/budapestritmo.hu\/en\/performer\/black-flower\/\" title=\"Black Flower\">\n\t\t<div class=\"name\">\n\t\t\tBlack Flower<br>\n\t\t\t<span class=\"country\">Belgium <\/span>\n\t\t<\/div>\n\t<\/a>\n<\/div>\t\t\t\t\t\t\t\n\t\t\t\t\t        \t\t\t\t\t        <div class=\"col-md-6 col-xl-4 artist-small\">\n\t<a href=\"https:\/\/budapestritmo.hu\/en\/performer\/conga-heaven-bongo-hell-cyborg-templar-tibsa\/\" title=\"Conga Heaven, Bongo Hell! \u2013 Cyborg Templar &amp; Tibs\u0101\">\n\t\t<div class=\"thumbnail\">\n\t\t\t\t\t\t\t<img decoding=\"async\" width=\"640\" height=\"240\" src=\"https:\/\/budapestritmo.hu\/wp-content\/uploads\/2026\/03\/conga-640x240.jpg\" class=\"attachment-performer_small size-performer_small wp-post-image\" alt=\"\" srcset=\"https:\/\/budapestritmo.hu\/wp-content\/uploads\/2026\/03\/conga-640x240.jpg 640w, https:\/\/budapestritmo.hu\/wp-content\/uploads\/2026\/03\/conga-300x113.jpg 300w, https:\/\/budapestritmo.hu\/wp-content\/uploads\/2026\/03\/conga-1024x384.jpg 1024w, https:\/\/budapestritmo.hu\/wp-content\/uploads\/2026\/03\/conga-768x288.jpg 768w, https:\/\/budapestritmo.hu\/wp-content\/uploads\/2026\/03\/conga-1536x576.jpg 1536w, https:\/\/budapestritmo.hu\/wp-content\/uploads\/2026\/03\/conga.jpg 1600w\" sizes=\"(max-width: 640px) 100vw, 640px\" \/>\t\t\t\t\t\t<div class=\"hover\"><\/div>\n\t\t<\/div>\n\t<\/a>\n\t<a href=\"https:\/\/budapestritmo.hu\/en\/performer\/conga-heaven-bongo-hell-cyborg-templar-tibsa\/\" title=\"Conga Heaven, Bongo Hell! \u2013 Cyborg Templar &amp; Tibs\u0101\">\n\t\t<div class=\"name\">\n\t\t\tConga Heaven, Bongo Hell! \u2013 Cyborg Templar &amp; Tibs\u0101<br>\n\t\t\t<span class=\"country\">Hungary<\/span>\n\t\t<\/div>\n\t<\/a>\n<\/div>\t\t\t\t\t\t\t\n\t\t\t\t\t        \t\t\t\t\t        <div class=\"col-md-6 col-xl-4 artist-small\">\n\t<a href=\"https:\/\/budapestritmo.hu\/en\/performer\/dalum\/\" title=\"dal:um\">\n\t\t<div class=\"thumbnail\">\n\t\t\t\t\t\t\t<img decoding=\"async\" width=\"640\" height=\"240\" src=\"https:\/\/budapestritmo.hu\/wp-content\/uploads\/2026\/01\/dalum-640x240.jpg\" class=\"attachment-performer_small size-performer_small wp-post-image\" alt=\"\" srcset=\"https:\/\/budapestritmo.hu\/wp-content\/uploads\/2026\/01\/dalum-640x240.jpg 640w, https:\/\/budapestritmo.hu\/wp-content\/uploads\/2026\/01\/dalum-300x113.jpg 300w, https:\/\/budapestritmo.hu\/wp-content\/uploads\/2026\/01\/dalum-1024x384.jpg 1024w, https:\/\/budapestritmo.hu\/wp-content\/uploads\/2026\/01\/dalum-768x288.jpg 768w, https:\/\/budapestritmo.hu\/wp-content\/uploads\/2026\/01\/dalum-1536x576.jpg 1536w, https:\/\/budapestritmo.hu\/wp-content\/uploads\/2026\/01\/dalum.jpg 1600w\" sizes=\"(max-width: 640px) 100vw, 640px\" \/>\t\t\t\t\t\t<div class=\"hover\"><\/div>\n\t\t<\/div>\n\t<\/a>\n\t<a href=\"https:\/\/budapestritmo.hu\/en\/performer\/dalum\/\" title=\"dal:um\">\n\t\t<div class=\"name\">\n\t\t\tdal:um<br>\n\t\t\t<span class=\"country\">South Korea<\/span>\n\t\t<\/div>\n\t<\/a>\n<\/div>\t\t\t\t\t\t\t\n\t\t\t\t\t        \t\t\t\t\t        <div class=\"col-md-6 col-xl-4 artist-small\">\n\t<a href=\"https:\/\/budapestritmo.hu\/en\/performer\/etherea\/\" title=\"Eth\u00e9rea\">\n\t\t<div class=\"thumbnail\">\n\t\t\t\t\t\t\t<img decoding=\"async\" width=\"640\" height=\"240\" src=\"https:\/\/budapestritmo.hu\/wp-content\/uploads\/2026\/03\/Etherea-640x240.jpg\" class=\"attachment-performer_small size-performer_small wp-post-image\" alt=\"\" srcset=\"https:\/\/budapestritmo.hu\/wp-content\/uploads\/2026\/03\/Etherea-640x240.jpg 640w, https:\/\/budapestritmo.hu\/wp-content\/uploads\/2026\/03\/Etherea-300x113.jpg 300w, https:\/\/budapestritmo.hu\/wp-content\/uploads\/2026\/03\/Etherea-1024x384.jpg 1024w, https:\/\/budapestritmo.hu\/wp-content\/uploads\/2026\/03\/Etherea-768x288.jpg 768w, https:\/\/budapestritmo.hu\/wp-content\/uploads\/2026\/03\/Etherea-1536x576.jpg 1536w, https:\/\/budapestritmo.hu\/wp-content\/uploads\/2026\/03\/Etherea.jpg 1600w\" sizes=\"(max-width: 640px) 100vw, 640px\" \/>\t\t\t\t\t\t<div class=\"hover\"><\/div>\n\t\t<\/div>\n\t<\/a>\n\t<a href=\"https:\/\/budapestritmo.hu\/en\/performer\/etherea\/\" title=\"Eth\u00e9rea\">\n\t\t<div class=\"name\">\n\t\t\tEth\u00e9rea<br>\n\t\t\t<span class=\"country\">Bulgaria<\/span>\n\t\t<\/div>\n\t<\/a>\n<\/div>\t\t\t\t\t\t\t\n\t\t\t\t\t        \t\t\t\t\t        <div class=\"col-md-6 col-xl-4 artist-small\">\n\t<a href=\"https:\/\/budapestritmo.hu\/en\/performer\/grupo-compay-segundo\/\" title=\"Grupo Compay Segundo\">\n\t\t<div class=\"thumbnail\">\n\t\t\t\t\t\t\t<img decoding=\"async\" width=\"640\" height=\"240\" src=\"https:\/\/budapestritmo.hu\/wp-content\/uploads\/2026\/01\/GCS\u00a9damian-diaz2-scaled-e1769440445864-640x240.jpg\" class=\"attachment-performer_small size-performer_small wp-post-image\" alt=\"\" srcset=\"https:\/\/budapestritmo.hu\/wp-content\/uploads\/2026\/01\/GCS\u00a9damian-diaz2-scaled-e1769440445864-640x240.jpg 640w, https:\/\/budapestritmo.hu\/wp-content\/uploads\/2026\/01\/GCS\u00a9damian-diaz2-scaled-e1769440445864-1600x600.jpg 1600w\" sizes=\"(max-width: 640px) 100vw, 640px\" \/>\t\t\t\t\t\t<div class=\"hover\"><\/div>\n\t\t<\/div>\n\t<\/a>\n\t<a href=\"https:\/\/budapestritmo.hu\/en\/performer\/grupo-compay-segundo\/\" title=\"Grupo Compay Segundo\">\n\t\t<div class=\"name\">\n\t\t\tGrupo Compay Segundo<br>\n\t\t\t<span class=\"country\">Cuba<\/span>\n\t\t<\/div>\n\t<\/a>\n<\/div>\t\t\t\t\t\t\t\n\t\t\t\t\t        \t\t\t\t\t        <div class=\"col-md-6 col-xl-4 artist-small\">\n\t<a href=\"https:\/\/budapestritmo.hu\/en\/performer\/hakumba\/\" title=\"Hakumba\">\n\t\t<div class=\"thumbnail\">\n\t\t\t\t\t\t\t<img decoding=\"async\" width=\"640\" height=\"240\" src=\"https:\/\/budapestritmo.hu\/wp-content\/uploads\/2026\/01\/Hakumba-1-640x240.jpg\" class=\"attachment-performer_small size-performer_small wp-post-image\" alt=\"\" srcset=\"https:\/\/budapestritmo.hu\/wp-content\/uploads\/2026\/01\/Hakumba-1-640x240.jpg 640w, https:\/\/budapestritmo.hu\/wp-content\/uploads\/2026\/01\/Hakumba-1-300x113.jpg 300w, https:\/\/budapestritmo.hu\/wp-content\/uploads\/2026\/01\/Hakumba-1-1024x384.jpg 1024w, https:\/\/budapestritmo.hu\/wp-content\/uploads\/2026\/01\/Hakumba-1-768x288.jpg 768w, https:\/\/budapestritmo.hu\/wp-content\/uploads\/2026\/01\/Hakumba-1-1536x576.jpg 1536w, https:\/\/budapestritmo.hu\/wp-content\/uploads\/2026\/01\/Hakumba-1.jpg 1600w\" sizes=\"(max-width: 640px) 100vw, 640px\" \/>\t\t\t\t\t\t<div class=\"hover\"><\/div>\n\t\t<\/div>\n\t<\/a>\n\t<a href=\"https:\/\/budapestritmo.hu\/en\/performer\/hakumba\/\" title=\"Hakumba\">\n\t\t<div class=\"name\">\n\t\t\tHakumba<br>\n\t\t\t<span class=\"country\">Hungary<\/span>\n\t\t<\/div>\n\t<\/a>\n<\/div>\t\t\t\t\t\t\t\n\t\t\t\t\t        \t\t\t\t\t        <div class=\"col-md-6 col-xl-4 artist-small\">\n\t<a href=\"https:\/\/budapestritmo.hu\/en\/performer\/ko-shin-moon\/\" title=\"Ko Shin Moon\">\n\t\t<div class=\"thumbnail\">\n\t\t\t\t\t\t\t<img decoding=\"async\" width=\"640\" height=\"240\" src=\"https:\/\/budapestritmo.hu\/wp-content\/uploads\/2026\/01\/2024_KSM_\u00a9-Aurelien-Fradagrada_1-1-640x240.jpg\" class=\"attachment-performer_small size-performer_small wp-post-image\" alt=\"\" srcset=\"https:\/\/budapestritmo.hu\/wp-content\/uploads\/2026\/01\/2024_KSM_\u00a9-Aurelien-Fradagrada_1-1-640x240.jpg 640w, https:\/\/budapestritmo.hu\/wp-content\/uploads\/2026\/01\/2024_KSM_\u00a9-Aurelien-Fradagrada_1-1-1600x600.jpg 1600w\" sizes=\"(max-width: 640px) 100vw, 640px\" \/>\t\t\t\t\t\t<div class=\"hover\"><\/div>\n\t\t<\/div>\n\t<\/a>\n\t<a href=\"https:\/\/budapestritmo.hu\/en\/performer\/ko-shin-moon\/\" title=\"Ko Shin Moon\">\n\t\t<div class=\"name\">\n\t\t\tKo Shin Moon<br>\n\t\t\t<span class=\"country\">France<\/span>\n\t\t<\/div>\n\t<\/a>\n<\/div>\t\t\t\t\t\t\t\n\t\t\t\t\t        \t\t\t\t\t        <div class=\"col-md-6 col-xl-4 artist-small\">\n\t<a href=\"https:\/\/budapestritmo.hu\/en\/performer\/magyar-banda\/\" title=\"Magyar Banda\">\n\t\t<div class=\"thumbnail\">\n\t\t\t\t\t\t\t<img decoding=\"async\" width=\"640\" height=\"240\" src=\"https:\/\/budapestritmo.hu\/wp-content\/uploads\/2026\/01\/Magyar-Banda-1-640x240.jpg\" class=\"attachment-performer_small size-performer_small wp-post-image\" alt=\"\" srcset=\"https:\/\/budapestritmo.hu\/wp-content\/uploads\/2026\/01\/Magyar-Banda-1-640x240.jpg 640w, https:\/\/budapestritmo.hu\/wp-content\/uploads\/2026\/01\/Magyar-Banda-1-300x113.jpg 300w, https:\/\/budapestritmo.hu\/wp-content\/uploads\/2026\/01\/Magyar-Banda-1-1024x384.jpg 1024w, https:\/\/budapestritmo.hu\/wp-content\/uploads\/2026\/01\/Magyar-Banda-1-768x288.jpg 768w, https:\/\/budapestritmo.hu\/wp-content\/uploads\/2026\/01\/Magyar-Banda-1-1536x576.jpg 1536w, https:\/\/budapestritmo.hu\/wp-content\/uploads\/2026\/01\/Magyar-Banda-1.jpg 1600w\" sizes=\"(max-width: 640px) 100vw, 640px\" \/>\t\t\t\t\t\t<div class=\"hover\"><\/div>\n\t\t<\/div>\n\t<\/a>\n\t<a href=\"https:\/\/budapestritmo.hu\/en\/performer\/magyar-banda\/\" title=\"Magyar Banda\">\n\t\t<div class=\"name\">\n\t\t\tMagyar Banda<br>\n\t\t\t<span class=\"country\">Hungary<\/span>\n\t\t<\/div>\n\t<\/a>\n<\/div>\t\t\t\t\t\t\t\n\t\t\t\t\t        \t\t\t\t\t        <div class=\"col-md-6 col-xl-4 artist-small\">\n\t<a href=\"https:\/\/budapestritmo.hu\/en\/performer\/naked-lakatos-monika-folktrio\/\" title=\"Naked &amp; Lakatos M\u00f3nika FolkTri\u00f3\">\n\t\t<div class=\"thumbnail\">\n\t\t\t\t\t\t\t<img decoding=\"async\" width=\"640\" height=\"240\" src=\"https:\/\/budapestritmo.hu\/wp-content\/uploads\/2026\/01\/Naked-Lakatos-Monika-FolkTrio-640x240.jpg\" class=\"attachment-performer_small size-performer_small wp-post-image\" alt=\"\" srcset=\"https:\/\/budapestritmo.hu\/wp-content\/uploads\/2026\/01\/Naked-Lakatos-Monika-FolkTrio-640x240.jpg 640w, https:\/\/budapestritmo.hu\/wp-content\/uploads\/2026\/01\/Naked-Lakatos-Monika-FolkTrio-300x113.jpg 300w, https:\/\/budapestritmo.hu\/wp-content\/uploads\/2026\/01\/Naked-Lakatos-Monika-FolkTrio-1024x384.jpg 1024w, https:\/\/budapestritmo.hu\/wp-content\/uploads\/2026\/01\/Naked-Lakatos-Monika-FolkTrio-768x288.jpg 768w, https:\/\/budapestritmo.hu\/wp-content\/uploads\/2026\/01\/Naked-Lakatos-Monika-FolkTrio-1536x576.jpg 1536w, https:\/\/budapestritmo.hu\/wp-content\/uploads\/2026\/01\/Naked-Lakatos-Monika-FolkTrio.jpg 1600w\" sizes=\"(max-width: 640px) 100vw, 640px\" \/>\t\t\t\t\t\t<div class=\"hover\"><\/div>\n\t\t<\/div>\n\t<\/a>\n\t<a href=\"https:\/\/budapestritmo.hu\/en\/performer\/naked-lakatos-monika-folktrio\/\" title=\"Naked &amp; Lakatos M\u00f3nika FolkTri\u00f3\">\n\t\t<div class=\"name\">\n\t\t\tNaked &amp; Lakatos M\u00f3nika FolkTri\u00f3<br>\n\t\t\t<span class=\"country\">Serbia \u2013 Hungary<\/span>\n\t\t<\/div>\n\t<\/a>\n<\/div>\t\t\t\t\t\t\t\n\t\t\t\t\t        \t\t\t\t\t        <div class=\"col-md-6 col-xl-4 artist-small\">\n\t<a href=\"https:\/\/budapestritmo.hu\/en\/performer\/neha\/\" title=\"Neha!\">\n\t\t<div class=\"thumbnail\">\n\t\t\t\t\t\t\t<img decoding=\"async\" width=\"640\" height=\"240\" src=\"https:\/\/budapestritmo.hu\/wp-content\/uploads\/2026\/03\/Neha-640x240.jpg\" class=\"attachment-performer_small size-performer_small wp-post-image\" alt=\"\" srcset=\"https:\/\/budapestritmo.hu\/wp-content\/uploads\/2026\/03\/Neha-640x240.jpg 640w, https:\/\/budapestritmo.hu\/wp-content\/uploads\/2026\/03\/Neha-300x113.jpg 300w, https:\/\/budapestritmo.hu\/wp-content\/uploads\/2026\/03\/Neha-1024x384.jpg 1024w, https:\/\/budapestritmo.hu\/wp-content\/uploads\/2026\/03\/Neha-768x288.jpg 768w, https:\/\/budapestritmo.hu\/wp-content\/uploads\/2026\/03\/Neha-1536x576.jpg 1536w, https:\/\/budapestritmo.hu\/wp-content\/uploads\/2026\/03\/Neha.jpg 1600w\" sizes=\"(max-width: 640px) 100vw, 640px\" \/>\t\t\t\t\t\t<div class=\"hover\"><\/div>\n\t\t<\/div>\n\t<\/a>\n\t<a href=\"https:\/\/budapestritmo.hu\/en\/performer\/neha\/\" title=\"Neha!\">\n\t\t<div class=\"name\">\n\t\t\tNeha!<br>\n\t\t\t<span class=\"country\">Slovakia<\/span>\n\t\t<\/div>\n\t<\/a>\n<\/div>\t\t\t\t\t\t\t\n\t\t\t\t\t        \t\t\t\t\t        <div class=\"col-md-6 col-xl-4 artist-small\">\n\t<a href=\"https:\/\/budapestritmo.hu\/en\/performer\/nika-prusnik\/\" title=\"Nika Prusnik x Rok Zalokar\">\n\t\t<div class=\"thumbnail\">\n\t\t\t\t\t\t\t<img decoding=\"async\" width=\"640\" height=\"240\" src=\"https:\/\/budapestritmo.hu\/wp-content\/uploads\/2026\/03\/nika-x-rok-640x240.jpg\" class=\"attachment-performer_small size-performer_small wp-post-image\" alt=\"\" srcset=\"https:\/\/budapestritmo.hu\/wp-content\/uploads\/2026\/03\/nika-x-rok-640x240.jpg 640w, https:\/\/budapestritmo.hu\/wp-content\/uploads\/2026\/03\/nika-x-rok-300x113.jpg 300w, https:\/\/budapestritmo.hu\/wp-content\/uploads\/2026\/03\/nika-x-rok-1024x384.jpg 1024w, https:\/\/budapestritmo.hu\/wp-content\/uploads\/2026\/03\/nika-x-rok-768x288.jpg 768w, https:\/\/budapestritmo.hu\/wp-content\/uploads\/2026\/03\/nika-x-rok-1536x576.jpg 1536w, https:\/\/budapestritmo.hu\/wp-content\/uploads\/2026\/03\/nika-x-rok.jpg 1600w\" sizes=\"(max-width: 640px) 100vw, 640px\" \/>\t\t\t\t\t\t<div class=\"hover\"><\/div>\n\t\t<\/div>\n\t<\/a>\n\t<a href=\"https:\/\/budapestritmo.hu\/en\/performer\/nika-prusnik\/\" title=\"Nika Prusnik x Rok Zalokar\">\n\t\t<div class=\"name\">\n\t\t\tNika Prusnik x Rok Zalokar<br>\n\t\t\t<span class=\"country\">Slovenia<\/span>\n\t\t<\/div>\n\t<\/a>\n<\/div>\t\t\t\t\t\t\t\n\t\t\t\t\t        \t\t\t\t\t        <div class=\"col-md-6 col-xl-4 artist-small\">\n\t<a href=\"https:\/\/budapestritmo.hu\/en\/performer\/nove-soma-es-ifj-csoori-sandor\/\" title=\"N\u00f3v\u00e9 Soma \u00e9s Ifj. Cso\u00f3ri S\u00e1ndor\">\n\t\t<div class=\"thumbnail\">\n\t\t\t\t\t\t\t<img decoding=\"async\" width=\"640\" height=\"240\" src=\"https:\/\/budapestritmo.hu\/wp-content\/uploads\/2026\/03\/Nove-Soma-es-Ifj.-Csoori-Sandor-640x240.jpg\" class=\"attachment-performer_small size-performer_small wp-post-image\" alt=\"\" srcset=\"https:\/\/budapestritmo.hu\/wp-content\/uploads\/2026\/03\/Nove-Soma-es-Ifj.-Csoori-Sandor-640x240.jpg 640w, https:\/\/budapestritmo.hu\/wp-content\/uploads\/2026\/03\/Nove-Soma-es-Ifj.-Csoori-Sandor-300x113.jpg 300w, https:\/\/budapestritmo.hu\/wp-content\/uploads\/2026\/03\/Nove-Soma-es-Ifj.-Csoori-Sandor-1024x384.jpg 1024w, https:\/\/budapestritmo.hu\/wp-content\/uploads\/2026\/03\/Nove-Soma-es-Ifj.-Csoori-Sandor-768x288.jpg 768w, https:\/\/budapestritmo.hu\/wp-content\/uploads\/2026\/03\/Nove-Soma-es-Ifj.-Csoori-Sandor-1536x576.jpg 1536w, https:\/\/budapestritmo.hu\/wp-content\/uploads\/2026\/03\/Nove-Soma-es-Ifj.-Csoori-Sandor.jpg 1600w\" sizes=\"(max-width: 640px) 100vw, 640px\" \/>\t\t\t\t\t\t<div class=\"hover\"><\/div>\n\t\t<\/div>\n\t<\/a>\n\t<a href=\"https:\/\/budapestritmo.hu\/en\/performer\/nove-soma-es-ifj-csoori-sandor\/\" title=\"N\u00f3v\u00e9 Soma \u00e9s Ifj. Cso\u00f3ri S\u00e1ndor\">\n\t\t<div class=\"name\">\n\t\t\tN\u00f3v\u00e9 Soma \u00e9s Ifj. Cso\u00f3ri S\u00e1ndor<br>\n\t\t\t<span class=\"country\">Hungary<\/span>\n\t\t<\/div>\n\t<\/a>\n<\/div>\t\t\t\t\t\t\t\n\t\t\t\t\t        \t\t\t\t\t        <div class=\"col-md-6 col-xl-4 artist-small\">\n\t<a href=\"https:\/\/budapestritmo.hu\/en\/performer\/obadu\/\" title=\"Obadu\">\n\t\t<div class=\"thumbnail\">\n\t\t\t\t\t\t\t<img decoding=\"async\" width=\"640\" height=\"240\" src=\"https:\/\/budapestritmo.hu\/wp-content\/uploads\/2026\/03\/Obadu-640x240.jpg\" class=\"attachment-performer_small size-performer_small wp-post-image\" alt=\"\" srcset=\"https:\/\/budapestritmo.hu\/wp-content\/uploads\/2026\/03\/Obadu-640x240.jpg 640w, https:\/\/budapestritmo.hu\/wp-content\/uploads\/2026\/03\/Obadu-300x113.jpg 300w, https:\/\/budapestritmo.hu\/wp-content\/uploads\/2026\/03\/Obadu-1024x384.jpg 1024w, https:\/\/budapestritmo.hu\/wp-content\/uploads\/2026\/03\/Obadu-768x288.jpg 768w, https:\/\/budapestritmo.hu\/wp-content\/uploads\/2026\/03\/Obadu-1536x576.jpg 1536w, https:\/\/budapestritmo.hu\/wp-content\/uploads\/2026\/03\/Obadu.jpg 1600w\" sizes=\"(max-width: 640px) 100vw, 640px\" \/>\t\t\t\t\t\t<div class=\"hover\"><\/div>\n\t\t<\/div>\n\t<\/a>\n\t<a href=\"https:\/\/budapestritmo.hu\/en\/performer\/obadu\/\" title=\"Obadu\">\n\t\t<div class=\"name\">\n\t\t\tObadu<br>\n\t\t\t<span class=\"country\">Hungary<\/span>\n\t\t<\/div>\n\t<\/a>\n<\/div>\t\t\t\t\t\t\t\n\t\t\t\t\t        \t\t\t\t\t        <div class=\"col-md-6 col-xl-4 artist-small\">\n\t<a href=\"https:\/\/budapestritmo.hu\/en\/performer\/patche-di-rima\/\" title=\"Patche Di Rima\">\n\t\t<div class=\"thumbnail\">\n\t\t\t\t\t\t\t<img decoding=\"async\" width=\"640\" height=\"240\" src=\"https:\/\/budapestritmo.hu\/wp-content\/uploads\/2026\/03\/Patche-Di-Rima-640x240.jpg\" class=\"attachment-performer_small size-performer_small wp-post-image\" alt=\"\" srcset=\"https:\/\/budapestritmo.hu\/wp-content\/uploads\/2026\/03\/Patche-Di-Rima-640x240.jpg 640w, https:\/\/budapestritmo.hu\/wp-content\/uploads\/2026\/03\/Patche-Di-Rima-300x113.jpg 300w, https:\/\/budapestritmo.hu\/wp-content\/uploads\/2026\/03\/Patche-Di-Rima-1024x384.jpg 1024w, https:\/\/budapestritmo.hu\/wp-content\/uploads\/2026\/03\/Patche-Di-Rima-768x288.jpg 768w, https:\/\/budapestritmo.hu\/wp-content\/uploads\/2026\/03\/Patche-Di-Rima-1536x576.jpg 1536w, https:\/\/budapestritmo.hu\/wp-content\/uploads\/2026\/03\/Patche-Di-Rima.jpg 1600w\" sizes=\"(max-width: 640px) 100vw, 640px\" \/>\t\t\t\t\t\t<div class=\"hover\"><\/div>\n\t\t<\/div>\n\t<\/a>\n\t<a href=\"https:\/\/budapestritmo.hu\/en\/performer\/patche-di-rima\/\" title=\"Patche Di Rima\">\n\t\t<div class=\"name\">\n\t\t\tPatche Di Rima<br>\n\t\t\t<span class=\"country\">Bissau-Guinea<\/span>\n\t\t<\/div>\n\t<\/a>\n<\/div>\t\t\t\t\t\t\t\n\t\t\t\t\t        \t\t\t\t\t        <div class=\"col-md-6 col-xl-4 artist-small\">\n\t<a href=\"https:\/\/budapestritmo.hu\/en\/performer\/stories-from-the-apple-garden\/\" title=\"Stories from the Apple Garden\">\n\t\t<div class=\"thumbnail\">\n\t\t\t\t\t\t\t<img decoding=\"async\" width=\"640\" height=\"240\" src=\"https:\/\/budapestritmo.hu\/wp-content\/uploads\/2026\/03\/Stories-from-the-Apple-Garden-640x240.jpg\" class=\"attachment-performer_small size-performer_small wp-post-image\" alt=\"\" srcset=\"https:\/\/budapestritmo.hu\/wp-content\/uploads\/2026\/03\/Stories-from-the-Apple-Garden-640x240.jpg 640w, https:\/\/budapestritmo.hu\/wp-content\/uploads\/2026\/03\/Stories-from-the-Apple-Garden-300x113.jpg 300w, https:\/\/budapestritmo.hu\/wp-content\/uploads\/2026\/03\/Stories-from-the-Apple-Garden-1024x384.jpg 1024w, https:\/\/budapestritmo.hu\/wp-content\/uploads\/2026\/03\/Stories-from-the-Apple-Garden-768x288.jpg 768w, https:\/\/budapestritmo.hu\/wp-content\/uploads\/2026\/03\/Stories-from-the-Apple-Garden-1536x576.jpg 1536w, https:\/\/budapestritmo.hu\/wp-content\/uploads\/2026\/03\/Stories-from-the-Apple-Garden.jpg 1600w\" sizes=\"(max-width: 640px) 100vw, 640px\" \/>\t\t\t\t\t\t<div class=\"hover\"><\/div>\n\t\t<\/div>\n\t<\/a>\n\t<a href=\"https:\/\/budapestritmo.hu\/en\/performer\/stories-from-the-apple-garden\/\" title=\"Stories from the Apple Garden\">\n\t\t<div class=\"name\">\n\t\t\tStories from the Apple Garden<br>\n\t\t\t<span class=\"country\">Hungary<\/span>\n\t\t<\/div>\n\t<\/a>\n<\/div>\t\t\t\t\t\t\t\n\t\t\t\t\t        \t\t\t\t\t        <div class=\"col-md-6 col-xl-4 artist-small\">\n\t<a href=\"https:\/\/budapestritmo.hu\/en\/performer\/tondini\/\" title=\"Tondini\">\n\t\t<div class=\"thumbnail\">\n\t\t\t\t\t\t\t<img decoding=\"async\" width=\"640\" height=\"240\" src=\"https:\/\/budapestritmo.hu\/wp-content\/uploads\/2026\/03\/Tondini-640x240.jpg\" class=\"attachment-performer_small size-performer_small wp-post-image\" alt=\"\" srcset=\"https:\/\/budapestritmo.hu\/wp-content\/uploads\/2026\/03\/Tondini-640x240.jpg 640w, https:\/\/budapestritmo.hu\/wp-content\/uploads\/2026\/03\/Tondini-300x113.jpg 300w, https:\/\/budapestritmo.hu\/wp-content\/uploads\/2026\/03\/Tondini-1024x384.jpg 1024w, https:\/\/budapestritmo.hu\/wp-content\/uploads\/2026\/03\/Tondini-768x288.jpg 768w, https:\/\/budapestritmo.hu\/wp-content\/uploads\/2026\/03\/Tondini-1536x576.jpg 1536w, https:\/\/budapestritmo.hu\/wp-content\/uploads\/2026\/03\/Tondini.jpg 1600w\" sizes=\"(max-width: 640px) 100vw, 640px\" \/>\t\t\t\t\t\t<div class=\"hover\"><\/div>\n\t\t<\/div>\n\t<\/a>\n\t<a href=\"https:\/\/budapestritmo.hu\/en\/performer\/tondini\/\" title=\"Tondini\">\n\t\t<div class=\"name\">\n\t\t\tTondini<br>\n\t\t\t<span class=\"country\">Croatia<\/span>\n\t\t<\/div>\n\t<\/a>\n<\/div>\t\t\t\t\t\t\t\n\t\t\t\t\t        \t\t\t\t\t        <div class=\"col-md-6 col-xl-4 artist-small\">\n\t<a href=\"https:\/\/budapestritmo.hu\/en\/performer\/varga-veronika\/\" title=\"Varga Veronika\">\n\t\t<div class=\"thumbnail\">\n\t\t\t\t\t\t\t<img decoding=\"async\" width=\"640\" height=\"240\" src=\"https:\/\/budapestritmo.hu\/wp-content\/uploads\/2026\/03\/Varga-Veronika-640x240.jpg\" class=\"attachment-performer_small size-performer_small wp-post-image\" alt=\"\" srcset=\"https:\/\/budapestritmo.hu\/wp-content\/uploads\/2026\/03\/Varga-Veronika-640x240.jpg 640w, https:\/\/budapestritmo.hu\/wp-content\/uploads\/2026\/03\/Varga-Veronika-300x113.jpg 300w, https:\/\/budapestritmo.hu\/wp-content\/uploads\/2026\/03\/Varga-Veronika-1024x384.jpg 1024w, https:\/\/budapestritmo.hu\/wp-content\/uploads\/2026\/03\/Varga-Veronika-768x288.jpg 768w, https:\/\/budapestritmo.hu\/wp-content\/uploads\/2026\/03\/Varga-Veronika-1536x576.jpg 1536w, https:\/\/budapestritmo.hu\/wp-content\/uploads\/2026\/03\/Varga-Veronika.jpg 1600w\" sizes=\"(max-width: 640px) 100vw, 640px\" \/>\t\t\t\t\t\t<div class=\"hover\"><\/div>\n\t\t<\/div>\n\t<\/a>\n\t<a href=\"https:\/\/budapestritmo.hu\/en\/performer\/varga-veronika\/\" title=\"Varga Veronika\">\n\t\t<div class=\"name\">\n\t\t\tVarga Veronika<br>\n\t\t\t<span class=\"country\">Hungary<\/span>\n\t\t<\/div>\n\t<\/a>\n<\/div>\t\t\t\t\t\t\t\n\t\t\t\t\t        \t\t<\/div>\n\t\t<div class=\"col-12\">\n\t\t\t\t<p><em>Event schedules may be subject to change. The capacity of the venues is limited to varying degrees.<\/em><\/p>\n\t\t\t<\/div>\n\t\t\t<\/div>\n\t\t<\/div>\n\t<\/div>\n<\/section>\n\n\n\n<p><\/p>\n","protected":false},"excerpt":{"rendered":"","protected":false},"author":1,"featured_media":0,"parent":0,"menu_order":0,"comment_status":"closed","ping_status":"closed","template":"page-templates\/page-fullwidth.php","meta":{"_acf_changed":false,"pgc_sgb_lightbox_settings":"","footnotes":""},"class_list":["post-900","page","type-page","status-publish","hentry"],"acf":[],"_links":{"self":[{"href":"https:\/\/budapestritmo.hu\/en\/wp-json\/wp\/v2\/pages\/900","targetHints":{"allow":["GET"]}}],"collection":[{"href":"https:\/\/budapestritmo.hu\/en\/wp-json\/wp\/v2\/pages"}],"about":[{"href":"https:\/\/budapestritmo.hu\/en\/wp-json\/wp\/v2\/types\/page"}],"author":[{"embeddable":true,"href":"https:\/\/budapestritmo.hu\/en\/wp-json\/wp\/v2\/users\/1"}],"replies":[{"embeddable":true,"href":"https:\/\/budapestritmo.hu\/en\/wp-json\/wp\/v2\/comments?post=900"}],"version-history":[{"count":10,"href":"https:\/\/budapestritmo.hu\/en\/wp-json\/wp\/v2\/pages\/900\/revisions"}],"predecessor-version":[{"id":8083,"href":"https:\/\/budapestritmo.hu\/en\/wp-json\/wp\/v2\/pages\/900\/revisions\/8083"}],"wp:attachment":[{"href":"https:\/\/budapestritmo.hu\/en\/wp-json\/wp\/v2\/media?parent=900"}],"curies":[{"name":"wp","href":"https:\/\/api.w.org\/{rel}","templated":true}]}}